{"id":23,"date":"2026-03-03T21:35:35","date_gmt":"2026-03-03T21:35:35","guid":{"rendered":"https:\/\/poseidon-racing.com\/?page_id=23"},"modified":"2026-03-03T21:35:35","modified_gmt":"2026-03-03T21:35:35","slug":"landing","status":"publish","type":"page","link":"https:\/\/poseidon-racing.com\/index.php\/landing\/","title":{"rendered":"Landing"},"content":{"rendered":"<div class=\"et_pb_section_0 et_pb_section et_section_regular et_grid_section\">\n<div class=\"et_pb_row_0 et_pb_row et_flex_row\">\n<div class=\"et_pb_column_0 et_pb_column et-last-child et_flex_column et_pb_css_mix_blend_mode_passthrough et_flex_column_24_24\">\n<div class=\"et_pb_menu_0 et_pb_menu et_pb_menu--without-logo et_pb_menu--style-left_aligned et_dropdown_animation_fade et_pb_bg_layout_light et_pb_text_align_center et_pb_text_align_right-tablet et_pb_text_align_right-phone et_pb_module et_flex_module\"><div class=\"et_pb_menu_inner_container et_flex_module\"><div class=\"et_pb_menu__wrap\"><div class=\"et_pb_menu__menu\"><nav class=\"et-menu-nav\"><ul id=\"menu-principal\" class=\"et-menu nav downwards\"><li id=\"menu-item-56\" class=\"et_pb_menu_page_id-56 menu-item menu-item-type-custom menu-item-object-custom menu-item-56\"><a href=\"#pll_switcher\">Languages<\/a><\/li>\n<\/ul><\/nav><\/div><div class=\"et_mobile_nav_menu\"><div class=\"mobile_nav closed\"><span class=\"mobile_menu_bar\"><\/span><\/div><\/div><\/div><\/div><\/div>\n\n<div class=\"et_pb_text_0 et_pb_text et_pb_bg_layout_light et_pb_module et_flex_module\"><div class=\"et_pb_text_inner\"><p>POSEIDON<br \/>RACING<\/p>\n<\/div><\/div>\n\n<div class=\"et_pb_text_1 et_pb_text et_pb_bg_layout_light et_pb_module et_flex_module\"><div class=\"et_pb_text_inner\"><p data-start=\"631\" data-end=\"727\"><em data-start=\"653\" data-end=\"727\">L\u2019exp\u00e9rience de la course au large<\/em><\/p>\n<blockquote data-start=\"729\" data-end=\"908\">\n<p data-start=\"731\" data-end=\"908\">\n<\/blockquote>\n<\/div><\/div>\n<\/div>\n<\/div>\n<\/div>\n\n<div class=\"et_pb_section_1 et_pb_section et_section_regular et_flex_section\">\n<div class=\"et_pb_row_1 et_pb_row et_flex_row\">\n<div class=\"et_pb_column_1 et_pb_column et-last-child et_flex_column et_pb_css_mix_blend_mode_passthrough et_flex_column_24_24\">\n<div class=\"et_pb_text_2 et_pb_text et_pb_bg_layout_light et_pb_module et_flex_module\"><div class=\"et_pb_text_inner\"><p>Le projet<\/p>\n<\/div><\/div>\n\n<div class=\"et_pb_text_3 et_pb_text et_pb_bg_layout_light et_pb_module et_flex_module\"><div class=\"et_pb_text_inner\"><p><span style=\"font-weight: 400;\">La comp\u00e9tition nautique \u00e0 port\u00e9e de main<\/span><\/p>\n<\/div><\/div>\n<\/div>\n<\/div>\n\n<div class=\"et_pb_row_2 et_pb_row et_flex_row\">\n<div class=\"et_pb_column_2 et_pb_column et_flex_column et_pb_css_mix_blend_mode_passthrough et_flex_column_3_5 et_flex_column_3_5_tablet et_flex_column_24_24_phone\">\n<div class=\"et_pb_text_4 et_pb_text et_pb_bg_layout_light et_pb_module et_flex_module\"><div class=\"et_pb_text_inner\"><p><strong>Poseidon Racing<\/strong> est une \u00e9curie con\u00e7ue pour r\u00e9unir des passionn\u00e9s de voile pr\u00eats \u00e0 franchir un cap.<\/p>\n<p><strong>Notre ambition,\u00a0<\/strong>offrir \u00e0 chacun la possibilit\u00e9 d\u2019\u00e9voluer dans un univers professionnel, structur\u00e9 et exigeant \u2014 sans compromis sur la qualit\u00e9 de l\u2019accompagnement ni des bateaux.<\/p>\n<p>Gr\u00e2ce \u00e0 un r\u00e9seau d\u2019experts, des skippers professionnels, des formats adapt\u00e9s et une organisation enti\u00e8rement pens\u00e9e pour la progression, nous permettons aux navigateurs amateurs ou confirm\u00e9s d\u2019acc\u00e9der \u00e0 des projets de course ambitieux dans les meilleures conditions.<\/p>\n<\/div><\/div>\n<\/div>\n\n<div class=\"et_pb_column_3 et_pb_column et-last-child et_flex_column et_pb_css_mix_blend_mode_passthrough et_flex_column_2_5 et_flex_column_2_5_tablet et_flex_column_24_24_phone\">\n<div class=\"et_pb_image_0 et_pb_image et_pb_module et_flex_module\"><span class=\"et_pb_image_wrap\"><img loading=\"lazy\" decoding=\"async\" src=\"https:\/\/poseidon-racing.com\/wp-content\/uploads\/2025\/11\/Voiliers-traversant-locean-scaled.jpg\" width=\"2560\" height=\"1633\" srcset=\"https:\/\/poseidon-racing.com\/wp-content\/uploads\/2025\/11\/Voiliers-traversant-locean-scaled.jpg 2560w, https:\/\/poseidon-racing.com\/wp-content\/uploads\/2025\/11\/Voiliers-traversant-locean-1280x817.jpg 1280w, https:\/\/poseidon-racing.com\/wp-content\/uploads\/2025\/11\/Voiliers-traversant-locean-980x625.jpg 980w, https:\/\/poseidon-racing.com\/wp-content\/uploads\/2025\/11\/Voiliers-traversant-locean-480x306.jpg 480w\" sizes=\"(min-width: 0px) and (max-width: 480px) 480px, (min-width: 481px) and (max-width: 980px) 980px, (min-width: 981px) and (max-width: 1280px) 1280px, (min-width: 1281px) 2560px, 100vw\" class=\"wp-image-29\" \/><\/span><\/div>\n<\/div>\n<\/div>\n\n<div class=\"et_pb_row_3 et_pb_row et_flex_row\">\n<div class=\"et_pb_column_4 et_pb_column et-last-child et_flex_column et_pb_css_mix_blend_mode_passthrough et_flex_column_24_24\">\n<div class=\"et_pb_text_5 et_pb_text et_pb_bg_layout_light et_pb_module et_flex_module\"><div class=\"et_pb_text_inner\"><p>B\u00c9N\u00c9FICES<\/p>\n<\/div><\/div>\n\n<div class=\"et_pb_text_6 et_pb_text et_pb_bg_layout_light et_pb_module et_flex_module\"><div class=\"et_pb_text_inner\"><p>Une exp\u00e9rience sportive unique, pens\u00e9e pour la performance<\/p>\n<\/div><\/div>\n<\/div>\n<\/div>\n\n<div class=\"et_pb_row_4 et_pb_row et_pb_equal_columns et_pb_gutters3 et_block_row\">\n<div class=\"et_pb_column_5 et_pb_column et_pb_column_1_3 et_block_column et_pb_css_mix_blend_mode_passthrough\">\n<div class=\"et_pb_icon_0 et_pb_icon et_pb_module et_flex_module\"><span class=\"et_pb_icon_wrap\"><span class=\"et-pb-icon\">\uf13d<\/span><\/span><\/div>\n\n<div class=\"et_pb_text_7 et_pb_text et_pb_bg_layout_light et_pb_module et_block_module preset--module--divi-text--081c1128-4bd8-4a7d-9e78-f0a9226cbf0f\"><div class=\"et_pb_text_inner\"><h4>Progresser dans un cadre professionnel<\/h4>\n<\/div><\/div>\n\n<div class=\"et_pb_text_8 et_pb_text et_pb_bg_layout_light et_pb_module et_flex_module preset--module--divi-text--359f8e36-8905-4297-9ae2-fc2b2c501c07\"><div class=\"et_pb_text_inner\"><p>Acc\u00e8s \u00e0 des entra\u00eenements encadr\u00e9s, des conseils de haut niveau, et une progression mesurable au fil des navigations.<\/p>\n<\/div><\/div>\n<\/div>\n\n<div class=\"et_pb_column_6 et_pb_column et_pb_column_1_3 et_block_column et_pb_css_mix_blend_mode_passthrough\">\n<div class=\"et_pb_icon_1 et_pb_icon et_pb_module et_flex_module\"><span class=\"et_pb_icon_wrap\"><span class=\"et-pb-icon\">\uf21a<\/span><\/span><\/div>\n\n<div class=\"et_pb_text_9 et_pb_text et_pb_bg_layout_light et_pb_module et_block_module preset--module--divi-text--081c1128-4bd8-4a7d-9e78-f0a9226cbf0f\"><div class=\"et_pb_text_inner\"><h4>Naviguer sur des bateaux comp\u00e9titifs<\/h4>\n<\/div><\/div>\n\n<div class=\"et_pb_text_10 et_pb_text et_pb_bg_layout_light et_pb_module et_flex_module preset--module--divi-text--359f8e36-8905-4297-9ae2-fc2b2c501c07\"><div class=\"et_pb_text_inner\"><p data-start=\"1789\" data-end=\"1953\">Une flotte performante et entretenue avec rigueur, permettant de ressentir les vraies sensations de la course moderne.<\/p>\n<p data-start=\"1955\" data-end=\"2140\">\n<\/div><\/div>\n<\/div>\n\n<div class=\"et_pb_column_7 et_pb_column et_pb_column_1_3 et-last-child et_block_column et_pb_css_mix_blend_mode_passthrough\">\n<div class=\"et_pb_icon_2 et_pb_icon et_pb_module et_flex_module\"><span class=\"et_pb_icon_wrap\"><span class=\"et-pb-icon\">\uf0c0<\/span><\/span><\/div>\n\n<div class=\"et_pb_text_11 et_pb_text et_pb_bg_layout_light et_pb_module et_block_module preset--module--divi-text--081c1128-4bd8-4a7d-9e78-f0a9226cbf0f\"><div class=\"et_pb_text_inner\"><h4>Rejoindre une communaut\u00e9<\/h4>\n<\/div><\/div>\n\n<div class=\"et_pb_text_12 et_pb_text et_pb_bg_layout_light et_pb_module et_flex_module preset--module--divi-text--359f8e36-8905-4297-9ae2-fc2b2c501c07\"><div class=\"et_pb_text_inner\"><p data-start=\"1955\" data-end=\"2140\">Un collectif compos\u00e9 de navigateurs passionn\u00e9s, partageant la m\u00eame envie d&#8217;apprendre, de se d\u00e9passer et de pr\u00e9parer des projets d\u2019envergure.<\/p>\n<\/div><\/div>\n<\/div>\n<\/div>\n<\/div>\n\n<div class=\"et_pb_section_2 et_pb_section et_section_regular et_flex_section section_has_divider et_pb_top_divider\"><div class=\"et_pb_top_inside_divider et-no-transition\"><\/div>\n<div class=\"et_pb_row_5 et_pb_row et_flex_row\">\n<div class=\"et_pb_column_8 et_pb_column et-last-child et_flex_column et_pb_css_mix_blend_mode_passthrough et_flex_column_24_24\">\n<div class=\"et_pb_text_13 et_pb_text et_pb_bg_layout_light et_pb_module et_flex_module\"><div class=\"et_pb_text_inner\"><p>Mais avant \u00e7a<\/p>\n<\/div><\/div>\n\n<div class=\"et_pb_text_14 et_pb_text et_pb_bg_layout_light et_pb_module et_flex_module\"><div class=\"et_pb_text_inner\"><p>Apprenons \u00e0 vous conna\u00eetre.<br \/>Pour construire une \u00e9curie qui vous ressemble, nous avons besoin d\u2019en savoir plus sur votre pratique, vos envies et votre niveau. Dites-nous ce qui vous anime afin que nous puissions calibrer au mieux les futurs programmes.<\/p>\n<\/div><\/div>\n\n<div class=\"et_pb_code_0 et_pb_code et_pb_module\"><div class=\"et_pb_code_inner\"><iframe data-tally-src=\"https:\/\/tally.so\/embed\/811Zoz?alignLeft=1&hideTitle=1&transparentBackground=1&dynamicHeight=1\" loading=\"lazy\" width=\"100%\" height=\"273\" frameborder=\"0\" marginheight=\"0\" marginwidth=\"0\" title=\"Poseidon research\"><\/iframe>\n<script>var d=document,w=\"https:\/\/tally.so\/widgets\/embed.js\",v=function(){\"undefined\"!=typeof Tally?Tally.loadEmbeds():d.querySelectorAll(\"iframe[data-tally-src]:not([src])\").forEach((function(e){e.src=e.dataset.tallySrc}))};if(\"undefined\"!=typeof Tally)v();else if(d.querySelector('script[src=\"'+w+'\"]')==null){var s=d.createElement(\"script\");s.src=w,s.onload=v,s.onerror=v,d.body.appendChild(s);}<\/script><\/div><\/div>\n<\/div>\n<\/div>\n<\/div>\n\n<div class=\"et_pb_section_3 et_pb_section et_section_regular et_flex_section section_has_divider et_pb_top_divider\"><div class=\"et_pb_top_inside_divider et-no-transition\"><\/div>\n<div class=\"et_pb_row_6 et_pb_row et_flex_row\">\n<div class=\"et_pb_column_9 et_pb_column et-last-child et_flex_column et_pb_css_mix_blend_mode_passthrough et_flex_column_24_24\">\n<div class=\"et_pb_text_15 et_pb_text et_pb_bg_layout_dark et_pb_module et_flex_module\"><div class=\"et_pb_text_inner\"><p>Prochaines \u00e9tapes<\/p>\n<\/div><\/div>\n\n<div class=\"et_pb_text_16 et_pb_text et_pb_bg_layout_light et_pb_module et_flex_module\"><div class=\"et_pb_text_inner\"><p data-start=\"2618\" data-end=\"2941\">Nous analyserons vos r\u00e9ponses pour mieux comprendre vos attentes et affiner notre offre : niveaux, formats de courses, accompagnement, calendrier, structure des entra\u00eenements. Nous vous inviterons ensuite \u00e0 rejoindre la communaut\u00e9 des premiers membres de l\u2019\u00e9curie et \u00e0 participer aux prochaines annonces autour du projet. En attendant, invitez les personnes passionn\u00e9es de votre entourage susceptibles d\u2019\u00eatre int\u00e9ress\u00e9es : plus la communaut\u00e9 grandit, plus les options et formats propos\u00e9s seront ambitieux.<\/p>\n<\/div><\/div>\n<\/div>\n<\/div>\n\n<div class=\"et_pb_row_7 et_pb_row et_pb_gutters3 et_block_row\">\n<div class=\"et_pb_column_10 et_pb_column et_pb_column_4_4 et-last-child et_block_column et_pb_css_mix_blend_mode_passthrough\">\n<div class=\"et_pb_text_17 et_pb_text et_pb_bg_layout_light et_pb_module et_block_module preset--module--divi-text--8e7276dd-055b-4333-a093-24a9d601e28c\"><div class=\"et_pb_text_inner\"><h4>Poseidon Racing<\/h4>\n<\/div><\/div>\n\n<div class=\"et_pb_text_18 et_pb_text et_pb_bg_layout_light et_pb_module et_block_module preset--module--divi-text--8eaf67e1-0ac2-4d2b-85e7-293862ffbb8b\"><div class=\"et_pb_text_inner\"><h2>\u00c9crivons ensemble la suite de l\u2019aventure<\/h2>\n<\/div><\/div>\n<\/div>\n<\/div>\n<\/div>\n\n<div class=\"et_pb_section_4 et_pb_section et_section_regular et_block_section\">\n<div class=\"et_pb_row_8 et_pb_row et_pb_gutters3 et_block_row\">\n<div class=\"et_pb_column_11 et_pb_column et_pb_column_4_4 et-last-child et_block_column et_pb_css_mix_blend_mode_passthrough\">\n<div class=\"et_pb_image_1 et_pb_image et_pb_module et_block_module\"><span class=\"et_pb_image_wrap\"><img loading=\"lazy\" decoding=\"async\" src=\"https:\/\/poseidon-racing.com\/wp-content\/uploads\/2025\/12\/ChatGPT-Image-5-dec.-2025-20_11_33.png\" width=\"1024\" height=\"1536\" srcset=\"https:\/\/poseidon-racing.com\/wp-content\/uploads\/2025\/12\/ChatGPT-Image-5-dec.-2025-20_11_33.png 1024w, https:\/\/poseidon-racing.com\/wp-content\/uploads\/2025\/12\/ChatGPT-Image-5-dec.-2025-20_11_33-980x1470.png 980w, https:\/\/poseidon-racing.com\/wp-content\/uploads\/2025\/12\/ChatGPT-Image-5-dec.-2025-20_11_33-480x720.png 480w\" sizes=\"(min-width: 0px) and (max-width: 480px) 480px, (min-width: 481px) and (max-width: 980px) 980px, (min-width: 981px) 1024px, 100vw\" class=\"wp-image-103\" title=\"divi-logo-mark-white\" \/><\/span><\/div>\n\n<div class=\"et_pb_text_19 et_pb_text et_pb_bg_layout_light et_pb_module et_block_module\"><div class=\"et_pb_text_inner\"><p>Poseidon Racing | All right reserved\u00a0<\/p>\n<\/div><\/div>\n<\/div>\n<\/div>\n<\/div>","protected":false},"excerpt":{"rendered":"","protected":false},"author":1,"featured_media":0,"parent":0,"menu_order":0,"comment_status":"closed","ping_status":"closed","template":"page-template-blank.php","meta":{"footnotes":""},"class_list":["post-23","page","type-page","status-publish","hentry"],"yoast_head":"<!-- This site is optimized with the Yoast SEO plugin v26.4 - https:\/\/yoast.com\/wordpress\/plugins\/seo\/ -->\n<title>Landing - Poseidon Racing<\/title>\n<meta name=\"robots\" content=\"index, follow, max-snippet:-1, max-image-preview:large, max-video-preview:-1\" \/>\n<link rel=\"canonical\" href=\"https:\/\/poseidon-racing.com\/index.php\/landing\/\" \/>\n<meta property=\"og:locale\" content=\"en_US\" \/>\n<meta property=\"og:type\" content=\"article\" \/>\n<meta property=\"og:title\" content=\"Landing - Poseidon Racing\" \/>\n<meta property=\"og:url\" content=\"https:\/\/poseidon-racing.com\/index.php\/landing\/\" \/>\n<meta property=\"og:site_name\" content=\"Poseidon Racing\" \/>\n<meta name=\"twitter:card\" content=\"summary_large_image\" \/>\n<script type=\"application\/ld+json\" class=\"yoast-schema-graph\">{\"@context\":\"https:\/\/schema.org\",\"@graph\":[{\"@type\":\"WebPage\",\"@id\":\"https:\/\/poseidon-racing.com\/index.php\/landing\/\",\"url\":\"https:\/\/poseidon-racing.com\/index.php\/landing\/\",\"name\":\"Landing - Poseidon Racing\",\"isPartOf\":{\"@id\":\"https:\/\/poseidon-racing.com\/#website\"},\"datePublished\":\"2026-03-03T21:35:35+00:00\",\"breadcrumb\":{\"@id\":\"https:\/\/poseidon-racing.com\/index.php\/landing\/#breadcrumb\"},\"inLanguage\":\"en-US\",\"potentialAction\":[{\"@type\":\"ReadAction\",\"target\":[\"https:\/\/poseidon-racing.com\/index.php\/landing\/\"]}]},{\"@type\":\"BreadcrumbList\",\"@id\":\"https:\/\/poseidon-racing.com\/index.php\/landing\/#breadcrumb\",\"itemListElement\":[{\"@type\":\"ListItem\",\"position\":1,\"name\":\"Home\",\"item\":\"https:\/\/poseidon-racing.com\/\"},{\"@type\":\"ListItem\",\"position\":2,\"name\":\"Landing\"}]},{\"@type\":\"WebSite\",\"@id\":\"https:\/\/poseidon-racing.com\/#website\",\"url\":\"https:\/\/poseidon-racing.com\/\",\"name\":\"Poseidon Racing\",\"description\":\"Prendre le d\u00e9part d\u2019une course embl\u00e9matique comme \u00e9quipier d\u2019un voilier de course est votre r\u00eave\u2026 le concr\u00e9tiser est le n\u00f4tre !\",\"potentialAction\":[{\"@type\":\"SearchAction\",\"target\":{\"@type\":\"EntryPoint\",\"urlTemplate\":\"https:\/\/poseidon-racing.com\/?s={search_term_string}\"},\"query-input\":{\"@type\":\"PropertyValueSpecification\",\"valueRequired\":true,\"valueName\":\"search_term_string\"}}],\"inLanguage\":\"en-US\"}]}<\/script>\n<!-- \/ Yoast SEO plugin. -->","yoast_head_json":{"title":"Landing - Poseidon Racing","robots":{"index":"index","follow":"follow","max-snippet":"max-snippet:-1","max-image-preview":"max-image-preview:large","max-video-preview":"max-video-preview:-1"},"canonical":"https:\/\/poseidon-racing.com\/index.php\/landing\/","og_locale":"en_US","og_type":"article","og_title":"Landing - Poseidon Racing","og_url":"https:\/\/poseidon-racing.com\/index.php\/landing\/","og_site_name":"Poseidon Racing","twitter_card":"summary_large_image","schema":{"@context":"https:\/\/schema.org","@graph":[{"@type":"WebPage","@id":"https:\/\/poseidon-racing.com\/index.php\/landing\/","url":"https:\/\/poseidon-racing.com\/index.php\/landing\/","name":"Landing - Poseidon Racing","isPartOf":{"@id":"https:\/\/poseidon-racing.com\/#website"},"datePublished":"2026-03-03T21:35:35+00:00","breadcrumb":{"@id":"https:\/\/poseidon-racing.com\/index.php\/landing\/#breadcrumb"},"inLanguage":"en-US","potentialAction":[{"@type":"ReadAction","target":["https:\/\/poseidon-racing.com\/index.php\/landing\/"]}]},{"@type":"BreadcrumbList","@id":"https:\/\/poseidon-racing.com\/index.php\/landing\/#breadcrumb","itemListElement":[{"@type":"ListItem","position":1,"name":"Home","item":"https:\/\/poseidon-racing.com\/"},{"@type":"ListItem","position":2,"name":"Landing"}]},{"@type":"WebSite","@id":"https:\/\/poseidon-racing.com\/#website","url":"https:\/\/poseidon-racing.com\/","name":"Poseidon Racing","description":"Prendre le d\u00e9part d\u2019une course embl\u00e9matique comme \u00e9quipier d\u2019un voilier de course est votre r\u00eave\u2026 le concr\u00e9tiser est le n\u00f4tre !","potentialAction":[{"@type":"SearchAction","target":{"@type":"EntryPoint","urlTemplate":"https:\/\/poseidon-racing.com\/?s={search_term_string}"},"query-input":{"@type":"PropertyValueSpecification","valueRequired":true,"valueName":"search_term_string"}}],"inLanguage":"en-US"}]}},"_links":{"self":[{"href":"https:\/\/poseidon-racing.com\/index.php\/wp-json\/wp\/v2\/pages\/23","targetHints":{"allow":["GET"]}}],"collection":[{"href":"https:\/\/poseidon-racing.com\/index.php\/wp-json\/wp\/v2\/pages"}],"about":[{"href":"https:\/\/poseidon-racing.com\/index.php\/wp-json\/wp\/v2\/types\/page"}],"author":[{"embeddable":true,"href":"https:\/\/poseidon-racing.com\/index.php\/wp-json\/wp\/v2\/users\/1"}],"replies":[{"embeddable":true,"href":"https:\/\/poseidon-racing.com\/index.php\/wp-json\/wp\/v2\/comments?post=23"}],"version-history":[{"count":48,"href":"https:\/\/poseidon-racing.com\/index.php\/wp-json\/wp\/v2\/pages\/23\/revisions"}],"predecessor-version":[{"id":110,"href":"https:\/\/poseidon-racing.com\/index.php\/wp-json\/wp\/v2\/pages\/23\/revisions\/110"}],"wp:attachment":[{"href":"https:\/\/poseidon-racing.com\/index.php\/wp-json\/wp\/v2\/media?parent=23"}],"curies":[{"name":"wp","href":"https:\/\/api.w.org\/{rel}","templated":true}]}}